{"id":57511,"date":"2016-02-21T08:37:06","date_gmt":"2016-02-21T07:37:06","guid":{"rendered":"https:\/\/goodwilloldsite.projectwebtec10.com\/wie-is-goodwill-en-wat-we-doen\/"},"modified":"2023-02-27T11:50:32","modified_gmt":"2023-02-27T10:50:32","slug":"wie-is-goodwill-en-wat-we-doen","status":"publish","type":"page","link":"https:\/\/goodwilloldsite.projectwebtec10.com\/be\/wie-is-goodwill-en-wat-we-doen\/","title":{"rendered":"Wie wij zijn en wat we doen"},"content":{"rendered":"\n<h3 class=\"wp-block-heading\">Samen kleur geven aan de zorg<\/h3>\n\n\n\n<p>Samen leveren wij een bijdrage aan ontspanning en emotieverwerking bij <strong>kinderen met een beperking<\/strong> en <strong>mensen met dementie.<\/strong> Elke maand maken wij een <em>Goodwill Day<\/em> mogelijk: een dagje uit, nieuw snoezelmateriaal of aangepast speelgoed. Wij benaderen het bedrijfsleven voor financi\u00eble steun. Als dank krijgen de ondernemers een vermelding in ons <em>Puzzel- en Kleurboek<\/em>. Elke maand geven wij een nieuw boek uit, speciaal afgestemd op deze doelgroep.<\/p>\n\n\n\n<h3 class=\"wp-block-heading\">Missie en visie<\/h3>\n\n\n\n<p>Ons streven is kleur geven aan de zorg. Daarbij richten wij ons specifiek op kinderen met een beperking die verblijven in een medisch kinderdagverblijf (MKD) \u00e9n mensen met dementie. MKD is voor ons tevens een verzamelnaam&nbsp;voor bijvoorbeeld <em>verpleegkundig kinderdagverblijf (VKD),&nbsp;Orthopedagogisch Dagcentrum (ODC) of Kinderdagcentrum (KDC).<\/em> Door de vele bezuinigingen in de zorg is er niet of nauwelijks budget voor extraatjes die juist zo nodig zijn. Plezier maken, ontspannen en afgeleid zijn van hun beperking zorgt voor een betere kwaliteit van leven. Wij bieden deze afleiding, ontspanning en plezier in de vorm van een Goodwill Day \u00e9n elke maand een nieuw Puzzel- en Kleurboek. <em>Kleuren is ontspanning en helpt bij emotieverwerking. Samen geven we zo extra kleur aan de zorg!<\/em><\/p>\n\n\n\n<h3 class=\"wp-block-heading\">Al decennialang een betrokken partner<\/h3>\n\n\n\n<p>Sinds 1992 is Goodwill een betrokken partner voor MKD\u2019s in Nederland. Sinds 2020 zijn daar zorglocaties voor mensen met dementie bijgekomen. Met veel toewijding ontwerpen wij zelf kleurplaten, spelletjes en puzzels.&nbsp; De inhoud is afgestemd op de specifieke behoefte van de gebruikers en deze wordt regelmatig ge\u00ebvalueerd met de begeleiders. We doen dit naar volle tevredenheid van de diverse locaties en onze sponsoren uit het bedrijfsleven.<\/p>\n\n\n\n<h3 class=\"wp-block-heading\">Goodwill Days<\/h3>\n\n\n\n<p>Wij vinden het belangrijk dat de kinderen naast persoonlijke aandacht ook gestimuleerd worden in hun ontwikkeling. Voor mensen met dementie vinden wij het belangrijk dat zij geprikkeld worden en uit hun verveling worden gehaald. Daarom maken wij samen met de locaties Goodwill Days mogelijk. Dit zijn bijvoorbeeld uitstapjes naar een dierentuin, nieuw snoezelmateriaal of een voorleesochtend met Gerda Havertong, onze ambassadeur. <a href=\"https:\/\/goodwilloldsite.projectwebtec10.com\/be\/goodwill-days-be\/\" target=\"_blank\" rel=\"noopener noreferrer\">Bekijk hier een overzicht van gerealiseerde Goodwill Days<\/a>.<\/p>\n\n\n\n<h3 class=\"wp-block-heading\">Puzzel- en Kleurboek<\/h3>\n\n\n\n<p>Maandelijks geven wij een nieuw <b>Puzzel- en Kleurboek<\/b> uit, met steeds een wisselend thema. Deze boeken worden gratis verstrekt aan de bij ons aangesloten locaties, verspreidt door het hele land. Elke uitgave wordt door ons zelf ontworpen en samengesteld. De kleurplaten worden eenmalig gebruikt en zijn afgestemd op de behoeften van de gebruikers. Denk aan afgestemde prikkels voor kinderen met een vorm van ADHD of autisme. Er zijn kleurplaten met extra dikke lijnen en grote vlakken voor visuele beperkingen, mandala&#8217;s voor repeterende vlakken en puzzels om het brein te trainen. Er worden bovendien afbeeldingen gebruikt die bij mensen met dementie een herinnering uit het verleden naar boven kunnen brengen.<\/p>\n\n\n\n<h3 class=\"wp-block-heading\">Onze ambities<\/h3>\n\n\n\n<p>Wij willen kleur geven aan de zorg! In de huidige participatiesamenleving gaat de overheid uit van eigen kracht en zelfredzaamheid van de burgers. Daarom willen wij de kwetsbare doelgroepen als kinderen met een beperking en mensen met dementie helpen. De financi\u00eble steun van sponsoren maakt dat wij Goodwill Days mogelijk kunnen maken \u00e9n maandelijks een nieuwe Puzzel- en Kleurboek kunnen uitgeven. Door uw financi\u00eble steun kunnen we dit blijven doen.<br><strong><br>Doe mee! Samen geven we kleur aan de zorg!<\/strong><\/p>\n\n\n\n<p><a href=\"https:\/\/goodwilloldsite.projectwebtec10.com\/be\/sponsor-de-goodwill-days\/\" target=\"_blank\" rel=\"noreferrer noopener\">DRAAG BIJ<\/a><\/p>\n","protected":false},"excerpt":{"rendered":"<p>Samen kleur geven aan de zorg Samen leveren wij een bijdrage aan ontspanning en emotieverwerking bij kinderen met een beperking en mensen met dementie. Elke maand maken wij een Goodwill Day mogelijk: een dagje uit, nieuw snoezelmateriaal of [&hellip;]<\/p>\n","protected":false},"author":1,"featured_media":0,"parent":0,"menu_order":2,"comment_status":"closed","ping_status":"closed","template":"","meta":{"footnotes":""},"class_list":["post-57511","page","type-page","status-publish","hentry"],"yoast_head":"<!-- This site is optimized with the Yoast SEO plugin v27.4 - https:\/\/yoast.com\/product\/yoast-seo-wordpress\/ -->\n<title>Wie is Goodwill? Samen geven we kleur aan de zorg!<\/title>\n<meta name=\"description\" content=\"Goodwill zorgt voor ontspanning bij kinderen in medisch kinderdagverblijven en mensen in dementie zorgcentra. Met een waardecheque voor een Goodwill Day (bijzonder leuke dag) en elke maand een nieuw Puzzel- en Kleurboek kunnen ze emoties verwerken en ontspannen. Doe ook mee!\" \/>\n<meta name=\"robots\" content=\"noindex, follow, max-snippet:-1, max-image-preview:large, max-video-preview:-1\" \/>\n<meta property=\"og:locale\" content=\"nl_BE\" \/>\n<meta property=\"og:type\" content=\"article\" \/>\n<meta property=\"og:title\" content=\"Wie is Goodwill? Samen geven we kleur aan de zorg!\" \/>\n<meta property=\"og:description\" content=\"Goodwill zorgt voor ontspanning bij kinderen in medisch kinderdagverblijven en mensen in dementie zorgcentra. Met een waardecheque voor een Goodwill Day (bijzonder leuke dag) en elke maand een nieuw Puzzel- en Kleurboek kunnen ze emoties verwerken en ontspannen. Doe ook mee!\" \/>\n<meta property=\"og:url\" content=\"https:\/\/goodwilloldsite.projectwebtec10.com\/be\/wie-is-goodwill-en-wat-we-doen\/\" \/>\n<meta property=\"og:site_name\" content=\"Goodwill\" \/>\n<meta property=\"article:publisher\" content=\"https:\/\/www.facebook.com\/goodwill.nl\/\" \/>\n<meta property=\"article:modified_time\" content=\"2023-02-27T10:50:32+00:00\" \/>\n<meta name=\"twitter:card\" content=\"summary_large_image\" \/>\n<meta name=\"twitter:label1\" content=\"Geschatte leestijd\" \/>\n\t<meta name=\"twitter:data1\" content=\"3 minuten\" \/>\n<script type=\"application\/ld+json\" class=\"yoast-schema-graph\">{\"@context\":\"https:\\\/\\\/schema.org\",\"@graph\":[{\"@type\":\"WebPage\",\"@id\":\"https:\\\/\\\/goodwilloldsite.projectwebtec10.com\\\/be\\\/wie-is-goodwill-en-wat-we-doen\\\/\",\"url\":\"https:\\\/\\\/goodwilloldsite.projectwebtec10.com\\\/be\\\/wie-is-goodwill-en-wat-we-doen\\\/\",\"name\":\"Wie is Goodwill? Samen geven we kleur aan de zorg!\",\"isPartOf\":{\"@id\":\"https:\\\/\\\/goodwilloldsite.projectwebtec10.com\\\/be\\\/#website\"},\"datePublished\":\"2016-02-21T07:37:06+00:00\",\"dateModified\":\"2023-02-27T10:50:32+00:00\",\"description\":\"Goodwill zorgt voor ontspanning bij kinderen in medisch kinderdagverblijven en mensen in dementie zorgcentra. Met een waardecheque voor een Goodwill Day (bijzonder leuke dag) en elke maand een nieuw Puzzel- en Kleurboek kunnen ze emoties verwerken en ontspannen. Doe ook mee!\",\"breadcrumb\":{\"@id\":\"https:\\\/\\\/goodwilloldsite.projectwebtec10.com\\\/be\\\/wie-is-goodwill-en-wat-we-doen\\\/#breadcrumb\"},\"inLanguage\":\"nl-BE\",\"potentialAction\":[{\"@type\":\"ReadAction\",\"target\":[\"https:\\\/\\\/goodwilloldsite.projectwebtec10.com\\\/be\\\/wie-is-goodwill-en-wat-we-doen\\\/\"]}]},{\"@type\":\"BreadcrumbList\",\"@id\":\"https:\\\/\\\/goodwilloldsite.projectwebtec10.com\\\/be\\\/wie-is-goodwill-en-wat-we-doen\\\/#breadcrumb\",\"itemListElement\":[{\"@type\":\"ListItem\",\"position\":1,\"name\":\"Home\",\"item\":\"https:\\\/\\\/goodwilloldsite.projectwebtec10.com\\\/be\\\/\"},{\"@type\":\"ListItem\",\"position\":2,\"name\":\"Wie wij zijn en wat we doen\"}]},{\"@type\":\"WebSite\",\"@id\":\"https:\\\/\\\/goodwilloldsite.projectwebtec10.com\\\/be\\\/#website\",\"url\":\"https:\\\/\\\/goodwilloldsite.projectwebtec10.com\\\/be\\\/\",\"name\":\"Goodwill\",\"description\":\"Geeft kleur aan de zorg\",\"publisher\":{\"@id\":\"https:\\\/\\\/goodwilloldsite.projectwebtec10.com\\\/be\\\/#organization\"},\"potentialAction\":[{\"@type\":\"SearchAction\",\"target\":{\"@type\":\"EntryPoint\",\"urlTemplate\":\"https:\\\/\\\/goodwilloldsite.projectwebtec10.com\\\/be\\\/?s={search_term_string}\"},\"query-input\":{\"@type\":\"PropertyValueSpecification\",\"valueRequired\":true,\"valueName\":\"search_term_string\"}}],\"inLanguage\":\"nl-BE\"},{\"@type\":\"Organization\",\"@id\":\"https:\\\/\\\/goodwilloldsite.projectwebtec10.com\\\/be\\\/#organization\",\"name\":\"Goodwill\",\"url\":\"https:\\\/\\\/goodwilloldsite.projectwebtec10.com\\\/be\\\/\",\"logo\":{\"@type\":\"ImageObject\",\"inLanguage\":\"nl-BE\",\"@id\":\"https:\\\/\\\/goodwilloldsite.projectwebtec10.com\\\/be\\\/#\\\/schema\\\/logo\\\/image\\\/\",\"url\":\"https:\\\/\\\/i0.wp.com\\\/www.goodwill.nl\\\/wp-content\\\/uploads\\\/logo-goodwill.png?fit=483%2C120&ssl=1\",\"contentUrl\":\"https:\\\/\\\/i0.wp.com\\\/www.goodwill.nl\\\/wp-content\\\/uploads\\\/logo-goodwill.png?fit=483%2C120&ssl=1\",\"width\":483,\"height\":120,\"caption\":\"Goodwill\"},\"image\":{\"@id\":\"https:\\\/\\\/goodwilloldsite.projectwebtec10.com\\\/be\\\/#\\\/schema\\\/logo\\\/image\\\/\"},\"sameAs\":[\"https:\\\/\\\/www.facebook.com\\\/goodwill.nl\\\/\",\"https:\\\/\\\/nl.linkedin.com\\\/company\\\/goodwill.nl\"]}]}<\/script>\n<!-- \/ Yoast SEO plugin. -->","yoast_head_json":{"title":"Wie is Goodwill? Samen geven we kleur aan de zorg!","description":"Goodwill zorgt voor ontspanning bij kinderen in medisch kinderdagverblijven en mensen in dementie zorgcentra. Met een waardecheque voor een Goodwill Day (bijzonder leuke dag) en elke maand een nieuw Puzzel- en Kleurboek kunnen ze emoties verwerken en ontspannen. Doe ook mee!","robots":{"index":"noindex","follow":"follow","max-snippet":"max-snippet:-1","max-image-preview":"max-image-preview:large","max-video-preview":"max-video-preview:-1"},"og_locale":"nl_BE","og_type":"article","og_title":"Wie is Goodwill? Samen geven we kleur aan de zorg!","og_description":"Goodwill zorgt voor ontspanning bij kinderen in medisch kinderdagverblijven en mensen in dementie zorgcentra. Met een waardecheque voor een Goodwill Day (bijzonder leuke dag) en elke maand een nieuw Puzzel- en Kleurboek kunnen ze emoties verwerken en ontspannen. Doe ook mee!","og_url":"https:\/\/goodwilloldsite.projectwebtec10.com\/be\/wie-is-goodwill-en-wat-we-doen\/","og_site_name":"Goodwill","article_publisher":"https:\/\/www.facebook.com\/goodwill.nl\/","article_modified_time":"2023-02-27T10:50:32+00:00","twitter_card":"summary_large_image","twitter_misc":{"Geschatte leestijd":"3 minuten"},"schema":{"@context":"https:\/\/schema.org","@graph":[{"@type":"WebPage","@id":"https:\/\/goodwilloldsite.projectwebtec10.com\/be\/wie-is-goodwill-en-wat-we-doen\/","url":"https:\/\/goodwilloldsite.projectwebtec10.com\/be\/wie-is-goodwill-en-wat-we-doen\/","name":"Wie is Goodwill? Samen geven we kleur aan de zorg!","isPartOf":{"@id":"https:\/\/goodwilloldsite.projectwebtec10.com\/be\/#website"},"datePublished":"2016-02-21T07:37:06+00:00","dateModified":"2023-02-27T10:50:32+00:00","description":"Goodwill zorgt voor ontspanning bij kinderen in medisch kinderdagverblijven en mensen in dementie zorgcentra. Met een waardecheque voor een Goodwill Day (bijzonder leuke dag) en elke maand een nieuw Puzzel- en Kleurboek kunnen ze emoties verwerken en ontspannen. Doe ook mee!","breadcrumb":{"@id":"https:\/\/goodwilloldsite.projectwebtec10.com\/be\/wie-is-goodwill-en-wat-we-doen\/#breadcrumb"},"inLanguage":"nl-BE","potentialAction":[{"@type":"ReadAction","target":["https:\/\/goodwilloldsite.projectwebtec10.com\/be\/wie-is-goodwill-en-wat-we-doen\/"]}]},{"@type":"BreadcrumbList","@id":"https:\/\/goodwilloldsite.projectwebtec10.com\/be\/wie-is-goodwill-en-wat-we-doen\/#breadcrumb","itemListElement":[{"@type":"ListItem","position":1,"name":"Home","item":"https:\/\/goodwilloldsite.projectwebtec10.com\/be\/"},{"@type":"ListItem","position":2,"name":"Wie wij zijn en wat we doen"}]},{"@type":"WebSite","@id":"https:\/\/goodwilloldsite.projectwebtec10.com\/be\/#website","url":"https:\/\/goodwilloldsite.projectwebtec10.com\/be\/","name":"Goodwill","description":"Geeft kleur aan de zorg","publisher":{"@id":"https:\/\/goodwilloldsite.projectwebtec10.com\/be\/#organization"},"potentialAction":[{"@type":"SearchAction","target":{"@type":"EntryPoint","urlTemplate":"https:\/\/goodwilloldsite.projectwebtec10.com\/be\/?s={search_term_string}"},"query-input":{"@type":"PropertyValueSpecification","valueRequired":true,"valueName":"search_term_string"}}],"inLanguage":"nl-BE"},{"@type":"Organization","@id":"https:\/\/goodwilloldsite.projectwebtec10.com\/be\/#organization","name":"Goodwill","url":"https:\/\/goodwilloldsite.projectwebtec10.com\/be\/","logo":{"@type":"ImageObject","inLanguage":"nl-BE","@id":"https:\/\/goodwilloldsite.projectwebtec10.com\/be\/#\/schema\/logo\/image\/","url":"https:\/\/i0.wp.com\/www.goodwill.nl\/wp-content\/uploads\/logo-goodwill.png?fit=483%2C120&ssl=1","contentUrl":"https:\/\/i0.wp.com\/www.goodwill.nl\/wp-content\/uploads\/logo-goodwill.png?fit=483%2C120&ssl=1","width":483,"height":120,"caption":"Goodwill"},"image":{"@id":"https:\/\/goodwilloldsite.projectwebtec10.com\/be\/#\/schema\/logo\/image\/"},"sameAs":["https:\/\/www.facebook.com\/goodwill.nl\/","https:\/\/nl.linkedin.com\/company\/goodwill.nl"]}]}},"publishpress_future_workflow_manual_trigger":{"enabledWorkflows":[]},"_links":{"self":[{"href":"https:\/\/goodwilloldsite.projectwebtec10.com\/be\/wp-json\/wp\/v2\/pages\/57511","targetHints":{"allow":["GET"]}}],"collection":[{"href":"https:\/\/goodwilloldsite.projectwebtec10.com\/be\/wp-json\/wp\/v2\/pages"}],"about":[{"href":"https:\/\/goodwilloldsite.projectwebtec10.com\/be\/wp-json\/wp\/v2\/types\/page"}],"author":[{"embeddable":true,"href":"https:\/\/goodwilloldsite.projectwebtec10.com\/be\/wp-json\/wp\/v2\/users\/1"}],"replies":[{"embeddable":true,"href":"https:\/\/goodwilloldsite.projectwebtec10.com\/be\/wp-json\/wp\/v2\/comments?post=57511"}],"version-history":[{"count":2,"href":"https:\/\/goodwilloldsite.projectwebtec10.com\/be\/wp-json\/wp\/v2\/pages\/57511\/revisions"}],"predecessor-version":[{"id":73840,"href":"https:\/\/goodwilloldsite.projectwebtec10.com\/be\/wp-json\/wp\/v2\/pages\/57511\/revisions\/73840"}],"wp:attachment":[{"href":"https:\/\/goodwilloldsite.projectwebtec10.com\/be\/wp-json\/wp\/v2\/media?parent=57511"}],"curies":[{"name":"wp","href":"https:\/\/api.w.org\/{rel}","templated":true}]}}